{"id":44,"date":"2025-09-05T17:44:51","date_gmt":"2025-09-05T17:44:51","guid":{"rendered":"https:\/\/indigo-sparrow-104602.hostingersite.com\/?page_id=44"},"modified":"2026-03-18T17:49:37","modified_gmt":"2026-03-18T17:49:37","slug":"contacto","status":"publish","type":"page","link":"https:\/\/transcerealescruz.com\/en\/contacto\/","title":{"rendered":"Contact Us"},"content":{"rendered":"\n<div class=\"wp-block-stackable-columns alignfull stk-block-columns stk-block stk-0f3050e\" data-block-id=\"0f3050e\"><style>.stk-0f3050e {margin-top:var(--stk--preset--spacing--40, 1rem) !important;margin-bottom:var(--stk--preset--spacing--70, 3.38rem) !important;}<\/style><div class=\"stk-row stk-inner-blocks stk-block-content stk-content-align stk-0f3050e-column alignwide\">\n<div class=\"wp-block-stackable-column stk-block-column stk-column stk-block stk-f235a90\" data-v=\"4\" data-block-id=\"f235a90\"><style>.stk-f235a90 {align-self:center !important;}@media screen and (min-width:690px){.stk-f235a90 {flex:var(--stk-flex-grow, 1) 1 calc(40% - var(--stk-column-gap, 0px) * 1 \/ 2 ) !important;}}<\/style><div class=\"stk-column-wrapper stk-block-column__content stk-container stk-f235a90-container stk--no-background stk--no-padding\"><div class=\"stk-block-content stk-inner-blocks stk-f235a90-inner-blocks\">\n<div class=\"wp-block-stackable-heading stk-block-heading stk-block-heading--v2 stk-block stk-a8651a5\" id=\"heading-placeholder\" data-block-id=\"a8651a5\"><style>@media screen and (max-width:689px){.stk-a8651a5 .stk-block-heading__text{font-size:var(--stk--preset--font-size--x-large, 50px) !important;}}<\/style><h2 class=\"stk-block-heading__text\">Contacta con nosotros<\/h2><\/div>\n\n\n\n<blockquote class=\"wp-block-quote is-layout-flow wp-block-quote-is-layout-flow\" style=\"font-size:clamp(14px, 0.875rem + ((1vw - 3.2px) * 0.391), 19px);\">\n<p>Tu socio en log\u00edstica ferroviaria y soluciones agroalimentarias en el Corredor Atl\u00e1ntico.<\/p>\n<\/blockquote>\n\n\n\n<div class=\"wp-block-stackable-columns stk-block-columns stk-block stk-e56a654\" data-block-id=\"e56a654\"><style>.stk-e56a654 {margin-top:var(--stk--preset--spacing--40, 1rem) !important;}@media screen and (max-width:689px){.stk-e56a654 {margin-top:var(--stk--preset--spacing--50, 1.5rem) !important;margin-bottom:28px !important;}.stk-e56a654-column{--stk-columns-spacing:var(--stk--preset--spacing--20, 0.44rem) !important;--stk-column-gap:var(--stk--preset--spacing--none, 0px) !important;row-gap:var(--stk--preset--spacing--40, 1rem) !important;}}<\/style><div class=\"stk-row stk-inner-blocks stk-block-content stk-content-align stk-e56a654-column\">\n<div class=\"wp-block-stackable-column stk-block-column stk-column stk-block stk-6203865\" data-v=\"4\" data-block-id=\"6203865\"><div class=\"stk-column-wrapper stk-block-column__content stk-container stk-6203865-container stk--no-background stk--no-padding\"><div class=\"stk-block-content stk-inner-blocks stk-6203865-inner-blocks\">\n<div class=\"wp-block-stackable-icon stk-block-icon has-text-align-center stk-block stk-9a5cba9\" data-block-id=\"9a5cba9\"><style>.stk-9a5cba9 {margin-bottom:6px !important;}.stk-9a5cba9 .stk--svg-wrapper .stk--inner-svg svg:last-child{height:22px !important;width:22px !important;}.stk-9a5cba9 .stk--svg-wrapper .stk--inner-svg svg:last-child, .stk-9a5cba9 .stk--svg-wrapper .stk--inner-svg svg:last-child :is(g, path, rect, polygon, ellipse){fill:#fffffe !important;}.stk-9a5cba9 .stk--svg-wrapper .stk--inner-svg{background-color:var(--theme-palette-color-2, #16705E) !important;border-radius:100% !important;padding:15px !important;}<\/style><span class=\"stk--svg-wrapper\"><div class=\"stk--inner-svg\"><svg style=\"height:0;width:0\"><defs><linearGradient id=\"linear-gradient-9a5cba9\" x1=\"0\" x2=\"100%\" y1=\"0\" y2=\"0\"><stop offset=\"0%\" style=\"stop-opacity:1;stop-color:var(--linear-gradient-9-a-5-cba-9-color-1)\"><\/stop><stop offset=\"100%\" style=\"stop-opacity:1;stop-color:var(--linear-gradient-9-a-5-cba-9-color-2)\"><\/stop><\/linearGradient><\/defs><\/svg><svg xmlns=\"http:\/\/www.w3.org\/2000\/svg\" viewBox=\"0 0 512 512\" aria-hidden=\"true\" width=\"32\" height=\"32\"><path d=\"M64 112c-8.8 0-16 7.2-16 16v22.1L220.5 291.7c20.7 17 50.4 17 71.1 0L464 150.1V128c0-8.8-7.2-16-16-16H64zM48 212.2V384c0 8.8 7.2 16 16 16H448c8.8 0 16-7.2 16-16V212.2L322 328.8c-38.4 31.5-93.7 31.5-132 0L48 212.2zM0 128C0 92.7 28.7 64 64 64H448c35.3 0 64 28.7 64 64V384c0 35.3-28.7 64-64 64H64c-35.3 0-64-28.7-64-64V128z\"\/><\/svg><\/div><\/span><\/div>\n\n\n\n<div class=\"wp-block-stackable-text stk-block-text stk-block stk-7421e01\" data-block-id=\"7421e01\"><style>.stk-7421e01 {margin-bottom:10px !important;}<\/style><p class=\"stk-block-text__text has-text-align-center\"><strong>Email<\/strong><\/p><\/div>\n\n\n\n<div class=\"wp-block-stackable-text stk-block-text stk-block stk-af3d384\" data-block-id=\"af3d384\"><p class=\"stk-block-text__text has-text-align-center\"><a href=\"mailto:info@transcerealescruz.com\">contacto@transcerealescruz.com<\/a><\/p><\/div>\n<\/div><\/div><\/div>\n\n\n\n<div class=\"wp-block-stackable-column stk-block-column stk-column stk-block stk-85e6067\" data-v=\"4\" data-block-id=\"85e6067\"><div class=\"stk-column-wrapper stk-block-column__content stk-container stk-85e6067-container stk--no-background stk--no-padding\"><div class=\"stk-block-content stk-inner-blocks stk-85e6067-inner-blocks\">\n<div class=\"wp-block-stackable-icon stk-block-icon has-text-align-center stk-block stk-784ff8b\" data-block-id=\"784ff8b\"><style>.stk-784ff8b {margin-bottom:6px !important;}.stk-784ff8b .stk--svg-wrapper .stk--inner-svg svg:last-child{height:22px !important;width:22px !important;}.stk-784ff8b .stk--svg-wrapper .stk--inner-svg svg:last-child, .stk-784ff8b .stk--svg-wrapper .stk--inner-svg svg:last-child :is(g, path, rect, polygon, ellipse){fill:#fffffe !important;}.stk-784ff8b .stk--svg-wrapper .stk--inner-svg{background-color:var(--theme-palette-color-2, #16705E) !important;border-radius:100% !important;padding:15px !important;}<\/style><span class=\"stk--svg-wrapper\"><div class=\"stk--inner-svg\"><svg style=\"height:0;width:0\"><defs><linearGradient id=\"linear-gradient-784ff8b\" x1=\"0\" x2=\"100%\" y1=\"0\" y2=\"0\"><stop offset=\"0%\" style=\"stop-opacity:1;stop-color:var(--linear-gradient-784-ff-8-b-color-1)\"><\/stop><stop offset=\"100%\" style=\"stop-opacity:1;stop-color:var(--linear-gradient-784-ff-8-b-color-2)\"><\/stop><\/linearGradient><\/defs><\/svg><svg xmlns=\"http:\/\/www.w3.org\/2000\/svg\" viewBox=\"0 0 512 512\" aria-hidden=\"true\" width=\"32\" height=\"32\"><path d=\"M164.9 24.6c-7.7-18.6-28-28.5-47.4-23.2l-88 24C12.1 30.2 0 46 0 64C0 311.4 200.6 512 448 512c18 0 33.8-12.1 38.6-29.5l24-88c5.3-19.4-4.6-39.7-23.2-47.4l-96-40c-16.3-6.8-35.2-2.1-46.3 11.6L304.7 368C234.3 334.7 177.3 277.7 144 207.3L193.3 167c13.7-11.2 18.4-30 11.6-46.3l-40-96z\"\/><\/svg><\/div><\/span><\/div>\n\n\n\n<div class=\"wp-block-stackable-text stk-block-text stk-block stk-99adc42\" data-block-id=\"99adc42\"><p class=\"stk-block-text__text has-text-align-center\"><strong>Tel\u00e9fonos<\/strong><\/p><\/div>\n\n\n\n<ul class=\"wp-block-list\">\n<li>General: 923 44 09 10<\/li>\n\n\n\n<li>Log\u00edstica: (+34) 606 363 384<\/li>\n<\/ul>\n<\/div><\/div><\/div>\n<\/div><\/div>\n\n\n\n<div class=\"wp-block-stackable-icon-label stk-block-icon-label stk-block stk-d4f2e6b\" data-block-id=\"d4f2e6b\"><div class=\"stk-row stk-inner-blocks stk-block-content\">\n<div class=\"wp-block-stackable-icon stk-block-icon has-text-align-right stk-block stk-1cad3bd\" data-block-id=\"1cad3bd\"><style>.stk-1cad3bd .stk--svg-wrapper .stk--inner-svg svg:last-child, .stk-1cad3bd .stk--svg-wrapper .stk--inner-svg svg:last-child :is(g, path, rect, polygon, ellipse){fill:var(--theme-palette-color-2, #16705E) !important;}<\/style><span class=\"stk--svg-wrapper\"><div class=\"stk--inner-svg\"><svg style=\"height:0;width:0\"><defs><linearGradient id=\"linear-gradient-1cad3bd\" x1=\"0\" x2=\"100%\" y1=\"0\" y2=\"0\"><stop offset=\"0%\" style=\"stop-opacity:1;stop-color:var(--linear-gradient-1-cad-3-bd-color-1)\"><\/stop><stop offset=\"100%\" style=\"stop-opacity:1;stop-color:var(--linear-gradient-1-cad-3-bd-color-2)\"><\/stop><\/linearGradient><\/defs><\/svg><svg xmlns=\"http:\/\/www.w3.org\/2000\/svg\" viewBox=\"0 0 384 512\" aria-hidden=\"true\" width=\"32\" height=\"32\"><path d=\"M215.7 499.2C267 435 384 279.4 384 192C384 86 298 0 192 0S0 86 0 192c0 87.4 117 243 168.3 307.2c12.3 15.3 35.1 15.3 47.4 0zM192 128a64 64 0 1 1 0 128 64 64 0 1 1 0-128z\"\/><\/svg><\/div><\/span><\/div>\n\n\n\n<div class=\"wp-block-stackable-heading stk-block-heading stk-block-heading--v2 stk-block stk-48a5d4a\" id=\"strong-a-href-https-www-google-com-maps-place-data-4-m-2-3-m-1-1-s-0-xd-3-ea-2-a-870-c-77-e-1-b-0-x-43-d-88-f-4506-cdcc-4-d-sa-x-amp-ved-1-t-8290-amp-ictx-111-span-style-color-000000-class-stk-highlight-ctra-n-620-km-291-5-37200-la-fuente-de-san-esteban-salamanca-span-a-strong\" data-block-id=\"48a5d4a\"><style>.stk-48a5d4a .stk-block-heading__text{font-size:15px !important;color:#0f0e17 !important;}@media screen and (max-width:999px){.stk-48a5d4a .stk-block-heading__text{font-size:15px !important;}}<\/style><h4 class=\"stk-block-heading__text has-text-color has-text-align-left\"><strong><a href=\"https:\/\/www.google.com\/maps\/place\/\/data=!4m2!3m1!1s0xd3ea2a870c77e1b:0x43d88f4506cdcc4d?sa=X&amp;ved=1t:8290&amp;ictx=111\" target=\"_blank\" rel=\"noopener\"><span style=\"color: #000000;\" class=\"stk-highlight\">Ctra. N-620; Km 291,5; 37200 La Fuente de San Esteban (Salamanca<\/span><\/a><\/strong>)<\/h4><\/div>\n<\/div><\/div>\n<\/div><\/div><\/div>\n\n\n\n<div class=\"wp-block-stackable-column stk-block-column stk-column stk-block stk-446037f\" data-v=\"4\" data-block-id=\"446037f\"><style>.stk-446037f-container{margin-top:var(--stk--preset--spacing--none, 0px) !important;margin-right:var(--stk--preset--spacing--none, 0px) !important;margin-bottom:var(--stk--preset--spacing--none, 0px) !important;margin-left:var(--stk--preset--spacing--none, 0px) !important;}@media screen and (min-width:690px){.stk-446037f {flex:var(--stk-flex-grow, 1) 1 calc(60% - var(--stk-column-gap, 0px) * 1 \/ 2 ) !important;}}<\/style><div class=\"stk-column-wrapper stk-block-column__content stk-container stk-446037f-container stk--no-background stk--no-padding\"><div class=\"stk-block-content stk-inner-blocks stk-446037f-inner-blocks\">\n<div class=\"wp-block-stackable-columns stk-block-columns stk-block stk-855449a\" data-block-id=\"855449a\"><div class=\"stk-row stk-inner-blocks stk-block-content stk-content-align stk-855449a-column\">\n<div class=\"wp-block-stackable-column stk-block-column stk-column stk-block stk-035352d\" data-v=\"4\" data-block-id=\"035352d\"><div class=\"stk-column-wrapper stk-block-column__content stk-container stk-035352d-container stk--no-background stk--no-padding\"><div class=\"stk-block-content stk-inner-blocks stk-035352d-inner-blocks\">\n<div class=\"wp-block-stackable-image stk-block-image stk--hide-mobile stk-block stk-7610a63\" data-block-id=\"7610a63\"><style>.stk-7610a63 .stk-img-wrapper{aspect-ratio:2\/3 !important;height:450px !important;}<\/style><figure><span class=\"stk-img-wrapper stk-image--shape-stretch\"><img loading=\"lazy\" decoding=\"async\" class=\"stk-img wp-image-1046\" src=\"https:\/\/transcerealescruz.com\/wp-content\/uploads\/2026\/03\/Retocada-byn-3.jpeg\" width=\"512\" height=\"768\" srcset=\"https:\/\/transcerealescruz.com\/wp-content\/uploads\/2026\/03\/Retocada-byn-3.jpeg 512w, https:\/\/transcerealescruz.com\/wp-content\/uploads\/2026\/03\/Retocada-byn-3-200x300.jpeg 200w, https:\/\/transcerealescruz.com\/wp-content\/uploads\/2026\/03\/Retocada-byn-3-8x12.jpeg 8w\" sizes=\"auto, (max-width: 512px) 100vw, 512px\" \/><\/span><\/figure><\/div>\n<\/div><\/div><\/div>\n\n\n\n<div class=\"wp-block-stackable-column stk-block-column stk-column stk-block stk-f5815cd\" data-v=\"4\" data-block-id=\"f5815cd\"><style>.stk-f5815cd {margin-top:50px !important;}@media screen and (max-width:689px){.stk-f5815cd-inner-blocks{align-items:center !important;justify-content:center !important;}.stk-f5815cd {padding-top:var(--stk--preset--spacing--none, 0px) !important;padding-right:var(--stk--preset--spacing--none, 0px) !important;padding-bottom:var(--stk--preset--spacing--none, 0px) !important;padding-left:var(--stk--preset--spacing--none, 0px) !important;margin-top:var(--stk--preset--spacing--20, 0.44rem) !important;}}<\/style><div class=\"stk-column-wrapper stk-block-column__content stk-container stk-f5815cd-container stk--no-background stk--no-padding\"><div class=\"stk-block-content stk-inner-blocks stk-f5815cd-inner-blocks\">\n<div class=\"wp-block-stackable-map stk-block-map stk-block stk-e5e68fe\" data-block-id=\"e5e68fe\"><style>.stk-e5e68fe .stk-block-map__canvas, .stk-e5e68fe iframe{height:450px !important;}@media screen and (max-width:689px){.stk-e5e68fe .stk-block-map__canvas, .stk-e5e68fe iframe{height:350px !important;}}<\/style><iframe\n\t\t\t\t\t\ttitle=\"Embedded content from Google Maps Platform.\"\n\t\t\t\t\t\tsrc=\"https:\/\/maps.google.com\/maps?q=Transcereales cruz&#038;t=&#038;z=12&#038;ie=UTF8&#038;output=embed\"\n\t\t\t\t\t\tstyle=\"border:0;width:100%;max-width:none;max-height:none;height:100%;\"\n\t\t\t\t\t\taria-hidden=\"false\"\n\t\t\t\t\t\ttabIndex=\"0\"\n\t\t\t\t\t\tallowfullscreen\n\t\t\t\t\t\tloading=\"lazy\"\n\t\t\t\t\t\tframeBorder=\"0\"\n\t\t\t\t\t><\/iframe><\/div>\n<\/div><\/div><\/div>\n<\/div><\/div>\n<\/div><\/div><\/div>\n<\/div><\/div>\n\n\n\n<div class=\"wp-block-stackable-columns alignfull stk-block-columns stk-block stk-2781b27\" data-block-id=\"2781b27\"><style>@media screen and (max-width:689px){.stk-2781b27-column{--stk-columns-spacing:var(--stk--preset--spacing--none, 0px) !important;--stk-column-gap:var(--stk--preset--spacing--none, 0px) !important;row-gap:var(--stk--preset--spacing--none, 0px) !important;}}<\/style><div class=\"stk-row stk-inner-blocks has-text-align-left-mobile stk-block-content stk-content-align stk-2781b27-column\">\n<div class=\"wp-block-stackable-column stk-block-column stk-column stk-block stk-efda086\" data-v=\"4\" data-block-id=\"efda086\"><style>.stk-efda086 {margin-bottom:var(--stk--preset--spacing--50, 1.5rem) !important;}<\/style><div class=\"stk-column-wrapper stk-block-column__content stk-container stk-efda086-container stk--no-background stk--no-padding\"><div class=\"stk-block-content stk-inner-blocks stk-efda086-inner-blocks\"><div class=\"wpforms-container wpforms-block wpforms-block-45f50ab3-d30f-4fe7-9445-29bdef908311 wpforms-render-modern\" id=\"wpforms-1012\"><form id=\"wpforms-form-1012\" class=\"wpforms-validate wpforms-form wpforms-ajax-form\" data-formid=\"1012\" method=\"post\" enctype=\"multipart\/form-data\" action=\"\/en\/wp-json\/wp\/v2\/pages\/44\" data-token=\"ca1c6d88ab7ee67a9058b608e045726f\" data-token-time=\"1776867537\"><noscript class=\"wpforms-error-noscript\">Please enable JavaScript in your browser to complete this form.<\/noscript><div id=\"wpforms-error-noscript\" style=\"display: none;\">Please enable JavaScript in your browser to complete this form.<\/div><div class=\"wpforms-field-container\"><div id=\"wpforms-1012-field_1-container\" class=\"wpforms-field wpforms-field-name\" data-field-id=\"1\"><label class=\"wpforms-field-label\" for=\"wpforms-1012-field_1\">Empresa <span class=\"wpforms-required-label\" aria-hidden=\"true\">*<\/span><\/label><input type=\"text\" id=\"wpforms-1012-field_1\" class=\"wpforms-field-medium wpforms-field-required\" name=\"wpforms[fields][1]\" aria-errormessage=\"wpforms-1012-field_1-error\" required><\/div><div id=\"wpforms-1012-field_4-container\" class=\"wpforms-field wpforms-field-name\" data-field-id=\"4\"><fieldset><legend class=\"wpforms-field-label\">Nombre<\/legend><div class=\"wpforms-field-row wpforms-field-medium\"><div class=\"wpforms-field-row-block wpforms-first wpforms-one-half\"><input type=\"text\" id=\"wpforms-1012-field_4\" class=\"wpforms-field-name-first\" name=\"wpforms[fields][4][first]\" aria-errormessage=\"wpforms-1012-field_4-error\" ><label for=\"wpforms-1012-field_4\" class=\"wpforms-field-sublabel after\">First<\/label><\/div><div class=\"wpforms-field-row-block wpforms-one-half\"><input type=\"text\" id=\"wpforms-1012-field_4-last\" class=\"wpforms-field-name-last\" name=\"wpforms[fields][4][last]\" aria-errormessage=\"wpforms-1012-field_4-last-error\" ><label for=\"wpforms-1012-field_4-last\" class=\"wpforms-field-sublabel after\">Last<\/label><\/div><\/div><\/fieldset><\/div><div id=\"wpforms-1012-field_2-container\" class=\"wpforms-field wpforms-field-email\" data-field-id=\"2\"><label class=\"wpforms-field-label\" for=\"wpforms-1012-field_2\">Correo electr\u00f3nico <span class=\"wpforms-required-label\" aria-hidden=\"true\">*<\/span><\/label><input type=\"email\" id=\"wpforms-1012-field_2\" class=\"wpforms-field-medium wpforms-field-required\" name=\"wpforms[fields][2]\" spellcheck=\"false\" aria-errormessage=\"wpforms-1012-field_2-error\" required><\/div>\t\t<div id=\"wpforms-1012-field_6-container\"\n\t\t\tclass=\"wpforms-field wpforms-field-text\"\n\t\t\tdata-field-type=\"text\"\n\t\t\tdata-field-id=\"6\"\n\t\t\t>\n\t\t\t<label class=\"wpforms-field-label\" for=\"wpforms-1012-field_6\" >Correo \u00bfPor o<\/label>\n\t\t\t<input type=\"text\" id=\"wpforms-1012-field_6\" class=\"wpforms-field-medium\" name=\"wpforms[fields][6]\" >\n\t\t<\/div>\n\t\t<div id=\"wpforms-1012-field_5-container\" class=\"wpforms-field wpforms-field-select wpforms-field-select-style-classic\" data-field-id=\"5\"><label class=\"wpforms-field-label\" for=\"wpforms-1012-field_5\">\u00bfPor d\u00f3nde nos encontraste?<\/label><select id=\"wpforms-1012-field_5\" class=\"wpforms-field-medium\" name=\"wpforms[fields][5]\"><option value=\"Internet\"  class=\"choice-1 depth-1\"  >Internet<\/option><option value=\"Evento del sector\"  class=\"choice-2 depth-1\"  >Evento del sector<\/option><option value=\"Un tercero\"  class=\"choice-3 depth-1\"  >Un tercero<\/option><option value=\"Prensa\"  class=\"choice-4 depth-1\"  >Prensa<\/option><\/select><\/div><div id=\"wpforms-1012-field_3-container\" class=\"wpforms-field wpforms-field-textarea\" data-field-id=\"3\"><label class=\"wpforms-field-label\" for=\"wpforms-1012-field_3\">Comentario o mensaje<\/label><textarea id=\"wpforms-1012-field_3\" class=\"wpforms-field-medium\" name=\"wpforms[fields][3]\" aria-errormessage=\"wpforms-1012-field_3-error\" ><\/textarea><\/div><script>\n\t\t\t\t( function() {\n\t\t\t\t\tconst style = document.createElement( 'style' );\n\t\t\t\t\tstyle.appendChild( document.createTextNode( '#wpforms-1012-field_6-container { position: absolute !important; overflow: hidden !important; display: inline !important; height: 1px !important; width: 1px !important; z-index: -1000 !important; padding: 0 !important; } #wpforms-1012-field_6-container input { visibility: hidden; } #wpforms-conversational-form-page #wpforms-1012-field_6-container label { counter-increment: none; }' ) );\n\t\t\t\t\tdocument.head.appendChild( style );\n\t\t\t\t\tdocument.currentScript?.remove();\n\t\t\t\t} )();\n\t\t\t<\/script><\/div><!-- .wpforms-field-container --><div class=\"wpforms-submit-container\" ><input type=\"hidden\" name=\"wpforms[id]\" value=\"1012\"><input type=\"hidden\" name=\"page_title\" value=\"\"><input type=\"hidden\" name=\"page_url\" value=\"https:\/\/transcerealescruz.com\/en\/wp-json\/wp\/v2\/pages\/44\"><input type=\"hidden\" name=\"url_referer\" value=\"\"><button type=\"submit\" name=\"wpforms[submit]\" id=\"wpforms-submit-1012\" class=\"wpforms-submit\" data-alt-text=\"Enviando...\" data-submit-text=\"Enviar\" aria-live=\"assertive\" value=\"wpforms-submit\">Enviar<\/button><img loading=\"lazy\" decoding=\"async\" src=\"https:\/\/transcerealescruz.com\/wp-content\/plugins\/wpforms-lite\/assets\/images\/submit-spin.svg\" class=\"wpforms-submit-spinner\" style=\"display: none;\" width=\"26\" height=\"26\" alt=\"Loading\"><\/div><\/form><\/div>  <!-- .wpforms-container --><\/div><\/div><\/div>\n<\/div><\/div>\n","protected":false},"excerpt":{"rendered":"<p>Contacta con nosotros Tu socio en log\u00edstica ferroviaria y soluciones agroalimentarias en el Corredor Atl\u00e1ntico. Email contacto@transcerealescruz.com Tel\u00e9fonos Ctra. N-620; Km 291,5; 37200 La Fuente de San Esteban (Salamanca)<\/p>","protected":false},"author":1,"featured_media":0,"parent":0,"menu_order":0,"comment_status":"closed","ping_status":"closed","template":"","meta":{"footnotes":""},"class_list":["post-44","page","type-page","status-publish","hentry"],"blocksy_meta":[],"_links":{"self":[{"href":"https:\/\/transcerealescruz.com\/en\/wp-json\/wp\/v2\/pages\/44","targetHints":{"allow":["GET"]}}],"collection":[{"href":"https:\/\/transcerealescruz.com\/en\/wp-json\/wp\/v2\/pages"}],"about":[{"href":"https:\/\/transcerealescruz.com\/en\/wp-json\/wp\/v2\/types\/page"}],"author":[{"embeddable":true,"href":"https:\/\/transcerealescruz.com\/en\/wp-json\/wp\/v2\/users\/1"}],"replies":[{"embeddable":true,"href":"https:\/\/transcerealescruz.com\/en\/wp-json\/wp\/v2\/comments?post=44"}],"version-history":[{"count":59,"href":"https:\/\/transcerealescruz.com\/en\/wp-json\/wp\/v2\/pages\/44\/revisions"}],"predecessor-version":[{"id":1047,"href":"https:\/\/transcerealescruz.com\/en\/wp-json\/wp\/v2\/pages\/44\/revisions\/1047"}],"wp:attachment":[{"href":"https:\/\/transcerealescruz.com\/en\/wp-json\/wp\/v2\/media?parent=44"}],"curies":[{"name":"wp","href":"https:\/\/api.w.org\/{rel}","templated":true}]}}