{"id":38,"date":"2025-09-05T17:44:51","date_gmt":"2025-09-05T17:44:51","guid":{"rendered":"https:\/\/indigo-sparrow-104602.hostingersite.com\/?page_id=38"},"modified":"2025-10-15T14:14:19","modified_gmt":"2025-10-15T14:14:19","slug":"servicios","status":"publish","type":"page","link":"https:\/\/transcerealescruz.com\/en\/servicios\/","title":{"rendered":"Services"},"content":{"rendered":"<div class=\"wp-block-stackable-columns alignfull stk-block-columns stk-block stk-948158f stk-block-background stk--has-background-overlay\" data-block-id=\"948158f\"><style>.stk-948158f {background-image:url(https:\/\/transcerealescruz.com\/wp-content\/uploads\/2025\/09\/stk-design-library-image-1.jpeg) !important;min-height:300px !important;align-items:center !important;margin-bottom:0px !important;display:flex !important;}.stk-948158f:before{background-color:#000000 !important;opacity:0.5 !important;}<\/style><div class=\"stk-row stk-inner-blocks stk-block-content stk-content-align stk-948158f-column alignwide\">\n<div class=\"wp-block-stackable-column stk-block-column stk-column stk-block stk-dd1f599\" data-v=\"4\" data-block-id=\"dd1f599\"><div class=\"stk-column-wrapper stk-block-column__content stk-container stk-dd1f599-container stk--no-background stk--no-padding\"><div class=\"stk-block-content stk-inner-blocks stk-dd1f599-inner-blocks\">\n<div class=\"wp-block-stackable-heading stk-block-heading stk-block-heading--v2 stk-block stk-a52e4aa\" id=\"heading-placeholder\" data-block-id=\"a52e4aa\"><style>.stk-a52e4aa .stk-block-heading__text{color:#ffffff !important;}<\/style><h2 class=\"stk-block-heading__text has-text-color has-text-align-center\">Servicios Log\u00edsticos y Ferroviarios<\/h2><\/div>\n\n\n\n<div class=\"wp-block-stackable-text stk-block-text stk-block stk-f0e12eb\" data-block-id=\"f0e12eb\"><style>.stk-f0e12eb .stk-block-text__text{color:#ffffff !important;}<\/style><p class=\"stk-block-text__text has-text-color has-text-align-center\">Operaciones ferroviarias, almacenaje, transporte intermodal y gesti\u00f3n log\u00edstica integral con independencia y certificaciones propias.<\/p><\/div>\n<\/div><\/div><\/div>\n<\/div><\/div>\n\n\n\n<p><\/p>","protected":false},"excerpt":{"rendered":"<p>Servicios Log\u00edsticos y Ferroviarios Operaciones ferroviarias, almacenaje, transporte intermodal y gesti\u00f3n log\u00edstica integral con independencia y certificaciones propias.<\/p>","protected":false},"author":1,"featured_media":0,"parent":0,"menu_order":0,"comment_status":"closed","ping_status":"closed","template":"","meta":{"footnotes":""},"class_list":["post-38","page","type-page","status-publish","hentry"],"blocksy_meta":{"vertical_spacing_source":"inherit","content_area_spacing":"bottom","styles_descriptor":{"styles":{"desktop":"","tablet":"","mobile":""},"google_fonts":[],"version":6}},"_links":{"self":[{"href":"https:\/\/transcerealescruz.com\/en\/wp-json\/wp\/v2\/pages\/38","targetHints":{"allow":["GET"]}}],"collection":[{"href":"https:\/\/transcerealescruz.com\/en\/wp-json\/wp\/v2\/pages"}],"about":[{"href":"https:\/\/transcerealescruz.com\/en\/wp-json\/wp\/v2\/types\/page"}],"author":[{"embeddable":true,"href":"https:\/\/transcerealescruz.com\/en\/wp-json\/wp\/v2\/users\/1"}],"replies":[{"embeddable":true,"href":"https:\/\/transcerealescruz.com\/en\/wp-json\/wp\/v2\/comments?post=38"}],"version-history":[{"count":9,"href":"https:\/\/transcerealescruz.com\/en\/wp-json\/wp\/v2\/pages\/38\/revisions"}],"predecessor-version":[{"id":618,"href":"https:\/\/transcerealescruz.com\/en\/wp-json\/wp\/v2\/pages\/38\/revisions\/618"}],"wp:attachment":[{"href":"https:\/\/transcerealescruz.com\/en\/wp-json\/wp\/v2\/media?parent=38"}],"curies":[{"name":"wp","href":"https:\/\/api.w.org\/{rel}","templated":true}]}}